{"id":3281,"date":"2015-11-19T13:00:23","date_gmt":"2015-11-19T13:00:23","guid":{"rendered":"http:\/\/escoladapraia.com.br\/?page_id=3281"},"modified":"2023-12-19T20:31:39","modified_gmt":"2023-12-19T20:31:39","slug":"quem-somos","status":"publish","type":"page","link":"https:\/\/escoladapraia.com.br\/site\/quem-somos\/","title":{"rendered":"A Escola"},"content":{"rendered":"<p>[vc_row css_animation=&#8221;&#8221; row_type=&#8221;row&#8221; use_row_as_full_screen_section=&#8221;no&#8221; type=&#8221;full_width&#8221; angled_section=&#8221;no&#8221; text_align=&#8221;left&#8221; background_image_as_pattern=&#8221;without_pattern&#8221;][vc_column width=&#8221;2\/3&#8243;][vc_empty_space][vc_column_text]<span style=\"color: #000000;\">A Escola da Praia est\u00e1 h\u00e1 20 anos em Florian\u00f3polis qualificando pessoas para o mercado de trabalho.Especializada na Educa\u00e7\u00e3o de Jovens e Adultos (EJA), a escola conta com um projeto pedag\u00f3gico diferenciado, que permite a forma\u00e7\u00e3o de pessoas\u00a0com conhecimento solido e preparadas para enfrentar\u00a0e vencer\u00a0os desafios do dia-a-dia.<\/span><\/p>\n<p>&nbsp;<\/p>\n<p><span style=\"color: #000000;\">Atrav\u00e9s de aulas din\u00e2micas e um ambiente virtual atraente, buscou-se trazer aos nossos alunos uma educa\u00e7\u00e3o inovadora, com\u00a0professores qualificados e\u00a0atendimento personalizado.<\/span><\/p>\n<p>&nbsp;<\/p>\n<p><span style=\"color: #000000;\">Conta com um\u00a0ambiente de estudo focada no conforte e tecnologia de aprendizagem.A escola prepara seus alunos para enfrentar desafios universit\u00e1rios e de mercado de trabalho, sempre\u00a0focando em realizar seus sonhos e objetivos.<\/span>[\/vc_column_text][vc_separator type=&#8221;normal&#8221;][vc_empty_space height=&#8221;52px&#8221;][\/vc_column][vc_column width=&#8221;1\/3&#8243;][vc_column_text]<a href=\"http:\/\/escoladapraia.com.br\/site\/wp-content\/uploads\/2023\/12\/F28122.png\"><img loading=\"lazy\" decoding=\"async\" class=\"alignnone wp-image-3712\" src=\"http:\/\/escoladapraia.com.br\/site\/wp-content\/uploads\/2023\/12\/F28122-200x300.png\" alt=\"\" width=\"300\" height=\"450\" srcset=\"https:\/\/escoladapraia.com.br\/site\/wp-content\/uploads\/2023\/12\/F28122-200x300.png 200w, https:\/\/escoladapraia.com.br\/site\/wp-content\/uploads\/2023\/12\/F28122.png 600w\" sizes=\"(max-width: 300px) 100vw, 300px\" \/><\/a>[\/vc_column_text][\/vc_column][\/vc_row][vc_row css_animation=&#8221;&#8221; row_type=&#8221;row&#8221; use_row_as_full_screen_section=&#8221;no&#8221; type=&#8221;full_width&#8221; angled_section=&#8221;no&#8221; text_align=&#8221;left&#8221; background_image_as_pattern=&#8221;without_pattern&#8221;][vc_column width=&#8221;1\/3&#8243;][vc_column_text]<a href=\"http:\/\/escoladapraia.com.br\/site\/wp-content\/uploads\/2023\/12\/missao.png\"><img loading=\"lazy\" decoding=\"async\" class=\"alignnone size-medium wp-image-3715\" src=\"http:\/\/escoladapraia.com.br\/site\/wp-content\/uploads\/2023\/12\/missao-300x205.png\" alt=\"\" width=\"300\" height=\"205\" srcset=\"https:\/\/escoladapraia.com.br\/site\/wp-content\/uploads\/2023\/12\/missao-300x205.png 300w, https:\/\/escoladapraia.com.br\/site\/wp-content\/uploads\/2023\/12\/missao.png 501w\" sizes=\"(max-width: 300px) 100vw, 300px\" \/><\/a>[\/vc_column_text][\/vc_column][vc_column width=&#8221;1\/3&#8243;][vc_column_text]<a href=\"http:\/\/escoladapraia.com.br\/site\/wp-content\/uploads\/2023\/12\/visao.png\"><img loading=\"lazy\" decoding=\"async\" class=\"alignnone size-medium wp-image-3717\" src=\"http:\/\/escoladapraia.com.br\/site\/wp-content\/uploads\/2023\/12\/visao-300x205.png\" alt=\"\" width=\"300\" height=\"205\" srcset=\"https:\/\/escoladapraia.com.br\/site\/wp-content\/uploads\/2023\/12\/visao-300x205.png 300w, https:\/\/escoladapraia.com.br\/site\/wp-content\/uploads\/2023\/12\/visao.png 501w\" sizes=\"(max-width: 300px) 100vw, 300px\" \/><\/a>[\/vc_column_text][\/vc_column][vc_column width=&#8221;1\/3&#8243;][vc_column_text]<a href=\"http:\/\/escoladapraia.com.br\/site\/wp-content\/uploads\/2023\/12\/valores.png\"><img loading=\"lazy\" decoding=\"async\" class=\"alignnone size-medium wp-image-3716\" src=\"http:\/\/escoladapraia.com.br\/site\/wp-content\/uploads\/2023\/12\/valores-300x205.png\" alt=\"\" width=\"300\" height=\"205\" srcset=\"https:\/\/escoladapraia.com.br\/site\/wp-content\/uploads\/2023\/12\/valores-300x205.png 300w, https:\/\/escoladapraia.com.br\/site\/wp-content\/uploads\/2023\/12\/valores.png 501w\" sizes=\"(max-width: 300px) 100vw, 300px\" \/><\/a>[\/vc_column_text][\/vc_column][\/vc_row][vc_row css_animation=&#8221;&#8221; row_type=&#8221;row&#8221; use_row_as_full_screen_section=&#8221;no&#8221; type=&#8221;full_width&#8221; angled_section=&#8221;no&#8221; text_align=&#8221;left&#8221; background_image_as_pattern=&#8221;without_pattern&#8221;][vc_column][vc_column_text]<br \/>\n[\/vc_column_text][\/vc_column][\/vc_row]<\/p>\n","protected":false},"excerpt":{"rendered":"<p>[vc_row css_animation=&#8221;&#8221; row_type=&#8221;row&#8221; use_row_as_full_screen_section=&#8221;no&#8221; type=&#8221;full_width&#8221; angled_section=&#8221;no&#8221; text_align=&#8221;left&#8221; background_image_as_pattern=&#8221;without_pattern&#8221;][vc_column width=&#8221;2\/3&#8243;][vc_empty_space][vc_column_text]A Escola da Praia est\u00e1 h\u00e1 20 anos em Florian\u00f3polis qualificando pessoas para o mercado de trabalho.Especializada na Educa\u00e7\u00e3o de Jovens e Adultos (EJA), a escola conta com um projeto pedag\u00f3gico diferenciado, que permite a forma\u00e7\u00e3o de&#8230;<\/p>\n","protected":false},"author":3,"featured_media":0,"parent":0,"menu_order":0,"comment_status":"closed","ping_status":"closed","template":"","meta":{"footnotes":""},"_links":{"self":[{"href":"https:\/\/escoladapraia.com.br\/site\/wp-json\/wp\/v2\/pages\/3281"}],"collection":[{"href":"https:\/\/escoladapraia.com.br\/site\/wp-json\/wp\/v2\/pages"}],"about":[{"href":"https:\/\/escoladapraia.com.br\/site\/wp-json\/wp\/v2\/types\/page"}],"author":[{"embeddable":true,"href":"https:\/\/escoladapraia.com.br\/site\/wp-json\/wp\/v2\/users\/3"}],"replies":[{"embeddable":true,"href":"https:\/\/escoladapraia.com.br\/site\/wp-json\/wp\/v2\/comments?post=3281"}],"version-history":[{"count":26,"href":"https:\/\/escoladapraia.com.br\/site\/wp-json\/wp\/v2\/pages\/3281\/revisions"}],"predecessor-version":[{"id":3732,"href":"https:\/\/escoladapraia.com.br\/site\/wp-json\/wp\/v2\/pages\/3281\/revisions\/3732"}],"wp:attachment":[{"href":"https:\/\/escoladapraia.com.br\/site\/wp-json\/wp\/v2\/media?parent=3281"}],"curies":[{"name":"wp","href":"https:\/\/api.w.org\/{rel}","templated":true}]}}